{"id":888,"date":"2021-04-13T12:06:06","date_gmt":"2021-04-13T10:06:06","guid":{"rendered":"https:\/\/www.formularze.umed.wroc.pl\/wycieczki\/?page_id=888"},"modified":"2022-03-07T12:53:40","modified_gmt":"2022-03-07T11:53:40","slug":"quest","status":"publish","type":"page","link":"https:\/\/app.umw.edu.pl\/wycieczki\/quest\/","title":{"rendered":"Quest"},"content":{"rendered":"\n<h2 class=\"has-text-align-center wp-block-heading\">Kliniki Quest Historyczny<\/h2>\n\n\n\n<p>Wybierz si\u0119 na spacer po kampusie XIX-wiecznych klinik Uniwersytetu Medycznego we Wroc\u0142awiu, odkryj ich histori\u0119 i poznaj s\u0142awnych medyk\u00f3w Wroc\u0142awia. <\/p>\n\n\n\n<p><strong>Forma<\/strong>: gra terenowa <br><strong>Kiedy<\/strong>: o dowolnej porze dnia, 7 dni w tygodniu<br><strong>Gdzie<\/strong>: na terenie Kampusu Kliniki Uniwersytetu Medycznego we Wroc\u0142awiu, po\u0142o\u017conego wzd\u0142u\u017c ul. Tytusa Cha\u0142ubi\u0144skiego. Punkt startowy:  przed budynkiem <a href=\"https:\/\/goo.gl\/maps\/3EWu3GrzRxZqaQKn9\">Kliniki Chirurgii Og\u00f3lnej, Gastroenterologicznej i Endokrynologicznej ul. M. Sk\u0142odowskiej-Curie 66 Wroc\u0142aw<\/a><br><strong>Dla kogo<\/strong>: grupy 1-4 osobowe, trudno\u015b\u0107 dostosowana do m\u0142odzie\u017cy 15+ i doros\u0142ych, ale na wycieczk\u0119 mo\u017cna ze sob\u0105 zabra\u0107 osoby w dowolnym wieku. Trasa mo\u017ce by\u0107 trudna do przebycia przez osoby z niepe\u0142nosprawno\u015bci\u0105 ruchow\u0105.<br><strong>Jak zagra\u0107:<\/strong> \u015bci\u0105gnij i wydrukuj kart\u0119 gry (mo\u017ce by\u0107 w skali szaro\u015bci) i post\u0119puj zgodnie z podanymi na niej poleceniami.<br>Przyda Ci si\u0119 r\u00f3wnie\u017c dowolna aplikacja na telefon pozwalaj\u0105ca odnale\u017a\u0107 wsp\u00f3\u0142rz\u0119dne geograficzne np. &#8222;Wsp\u00f3\u0142rz\u0119dne Mapy&#8221; do pobrania ze Sklepu Play.<br>Osoby, kt\u00f3rym uda si\u0119 odszyfrowa\u0107 koordynaty i prze\u015bl\u0105 organizatorom zdj\u0119cie zrobione w odpowiednim miejscu, mog\u0105 liczy\u0107 na drobny upominek przes\u0142any poczt\u0105.<\/p>\n\n\n\n<p>UWAGA! Gra nie wymaga wchodzenia do \u017cadnych budynk\u00f3w. Ze wzgl\u0119d\u00f3w epidemiologicznych i organizacyjnych prosimy si\u0119 od tego powstrzyma\u0107. Je\u015bli chcesz podj\u0105\u0107 prawdziwe wyzwanie i dobrze si\u0119 bawi\u0107, zrezygnuj z u\u017cywania internetu podczas questa. <\/p>\n\n\n\n<h2 class=\"has-text-align-center wp-block-heading\">KARTA GRY DO WYDRUKU:<\/h2>\n\n\n\n<p class=\"has-text-align-center\">Zalecamy wydrukowa\u0107 kart\u0119 dwustronnie i z\u0142o\u017cy\u0107 j\u0105 na p\u00f3\u0142.<\/p>\n\n\n\n<div class=\"wp-block-file aligncenter\"><a href=\"https:\/\/app.umw.edu.pl\/wycieczki\/wp-content\/uploads\/2021\/11\/Kliniki_quest_historyczny_FINAL-2.pdf\"><strong>Kliniki_quest_historyczny_karta gry<\/strong><\/a><a href=\"https:\/\/app.umw.edu.pl\/wycieczki\/wp-content\/uploads\/2021\/11\/Kliniki_quest_historyczny_FINAL-2.pdf\" class=\"wp-block-file__button\" download>Pobierz<\/a><\/div>\n\n\n\n<h3 class=\"has-text-align-center wp-block-heading\">Podgl\u0105d karty i pliki JPG do pobrania<\/h3>\n\n\n\n<figure class=\"wp-block-image size-large\"><img loading=\"lazy\" decoding=\"async\" width=\"1024\" height=\"724\" src=\"https:\/\/app.umw.edu.pl\/wycieczki\/wp-content\/uploads\/2021\/11\/Kliniki_quest_historyczny_FINAL-1-1024x724.jpg\" alt=\"\" class=\"wp-image-942\" srcset=\"https:\/\/app.umw.edu.pl\/wycieczki\/wp-content\/uploads\/2021\/11\/Kliniki_quest_historyczny_FINAL-1-1024x724.jpg 1024w, https:\/\/app.umw.edu.pl\/wycieczki\/wp-content\/uploads\/2021\/11\/Kliniki_quest_historyczny_FINAL-1-300x212.jpg 300w, https:\/\/app.umw.edu.pl\/wycieczki\/wp-content\/uploads\/2021\/11\/Kliniki_quest_historyczny_FINAL-1-768x543.jpg 768w, https:\/\/app.umw.edu.pl\/wycieczki\/wp-content\/uploads\/2021\/11\/Kliniki_quest_historyczny_FINAL-1-1536x1086.jpg 1536w, https:\/\/app.umw.edu.pl\/wycieczki\/wp-content\/uploads\/2021\/11\/Kliniki_quest_historyczny_FINAL-1.jpg 1754w\" sizes=\"auto, (max-width: 1024px) 100vw, 1024px\" \/><\/figure>\n\n\n\n<div class=\"wp-block-file aligncenter\"><a href=\"https:\/\/app.umw.edu.pl\/wycieczki\/wp-content\/uploads\/2021\/11\/Kliniki_quest_historyczny_FINAL-1-1.jpg\">Kliniki_quest_historyczny_str1z2<\/a><a href=\"https:\/\/app.umw.edu.pl\/wycieczki\/wp-content\/uploads\/2021\/11\/Kliniki_quest_historyczny_FINAL-1-1.jpg\" class=\"wp-block-file__button\" download>Pobierz<\/a><\/div>\n\n\n\n<figure class=\"wp-block-image size-large\"><img loading=\"lazy\" decoding=\"async\" width=\"1024\" height=\"724\" src=\"https:\/\/app.umw.edu.pl\/wycieczki\/wp-content\/uploads\/2021\/11\/Kliniki_quest_historyczny_FINAL2-1-1024x724.jpg\" alt=\"\" class=\"wp-image-944\" srcset=\"https:\/\/app.umw.edu.pl\/wycieczki\/wp-content\/uploads\/2021\/11\/Kliniki_quest_historyczny_FINAL2-1-1024x724.jpg 1024w, https:\/\/app.umw.edu.pl\/wycieczki\/wp-content\/uploads\/2021\/11\/Kliniki_quest_historyczny_FINAL2-1-300x212.jpg 300w, https:\/\/app.umw.edu.pl\/wycieczki\/wp-content\/uploads\/2021\/11\/Kliniki_quest_historyczny_FINAL2-1-768x543.jpg 768w, https:\/\/app.umw.edu.pl\/wycieczki\/wp-content\/uploads\/2021\/11\/Kliniki_quest_historyczny_FINAL2-1-1536x1086.jpg 1536w, https:\/\/app.umw.edu.pl\/wycieczki\/wp-content\/uploads\/2021\/11\/Kliniki_quest_historyczny_FINAL2-1.jpg 1754w\" sizes=\"auto, (max-width: 1024px) 100vw, 1024px\" \/><\/figure>\n\n\n\n<div class=\"wp-block-file aligncenter\"><a href=\"https:\/\/app.umw.edu.pl\/wycieczki\/wp-content\/uploads\/2021\/11\/Kliniki_quest_historyczny_FINAL2-1-1.jpg\">Kliniki_quest_historyczny_str2z2<\/a><a href=\"https:\/\/app.umw.edu.pl\/wycieczki\/wp-content\/uploads\/2021\/11\/Kliniki_quest_historyczny_FINAL2-1-1.jpg\" class=\"wp-block-file__button\" download>Pobierz<\/a><\/div>\n\n\n\n<p class=\"has-text-align-center\">Jeste\u015bmy ciekawi Waszych wra\u017ce\u0144. Zostawcie nam recenzj\u0119 lub podajcie propozycj\u0119 jak ulepszy\u0107 quest:<br><a href=\"https:\/\/forms.gle\/bgQQsQKHDkkkxF5b6\">WYPE\u0141NIJ ANKIET\u0118<\/a><\/p>\n\n\n\n<p> W tek\u015bcie wykorzystano informacje historyczne z publikacji:<br>&#8211; &#8222;Moja Akademia&#8221; Autor: Bogdan \u0141azarkiewicz, Wroc\u0142aw 2017 r. Wydawnictwo UMW<br>&#8211; &#8222;Poczet Rektor\u00f3w, Prorektor\u00f3w i Dziekan\u00f3w Uniwersytetu Medycznego im. Piast\u00f3w \u015al\u0105skich we Wroc\u0142awiu&#8221;, Wroc\u0142aw 2018 r., Wydawnictwo UMW<br>&#8211; &#8222;Architektura w s\u0142u\u017cbie nauki. Dawny Wydzia\u0142 Medyczny we Wroc\u0142awiu&#8221; Pod redakcj\u0105: Ma\u0142gorzaty W\u00f3jtowicz, Wroc\u0142aw 2020 r.<br>&#8211; &#8222;Academia Medica Wratislaviensis 1950-2000&#8221;, Wroc\u0142aw 2000 r., ISBN 83-7055-204-8<br>&#8211; &#8222;200 lat medycyny uniwersyteckiej we Wroc\u0142awiu \u2013 interna, chirurgia, ginekologia, pediatria&#8221;, Akademia Medyczna im. Piast\u00f3w \u015al\u0105skich we Wroc\u0142awiu, Wroc\u0142aw 2012 r.<br>&#8211; &#8222;Wybrane problemy historii medycyny. W kr\u0119gu epistemologii i praktyki&#8221; pod redakcj\u0105 Anity Magowskiej, Katarzyny P\u0119kackiej\u2013Falkowskiej i Micha\u0142a Oweckiego Wydawnictwo Kontekst Pozna\u0144 2020<br>&#8211; Artyku\u0142  \u201e\u015aladami wielkich uczonych po kampusie akademickim przy ul. Sk\u0142odowskiej-Curie i Cha\u0142ubi\u0144skiego\u201d z Medium Gazety DIL Nr 7-8\/2020 z lipca-sierpnia 2020<br>Cz\u0119\u015b\u0107 z nich mo\u017cna znale\u017a\u0107 w <a href=\"https:\/\/wydawnictwo.umw.edu.pl\/pl\/publikacje\/\">Wydawnictwie UMW<\/a><\/p>\n\n\n\n<p><\/p>\n","protected":false},"excerpt":{"rendered":"<p>Kliniki Quest Historyczny Wybierz si\u0119 na spacer po kampusie XIX-wiecznych klinik Uniwersytetu Medycznego we Wroc\u0142awiu, odkryj ich histori\u0119 i poznaj s\u0142awnych medyk\u00f3w Wroc\u0142awia. Forma: gra terenowa Kiedy: o dowolnej porze dnia, 7 dni w tygodniuGdzie: na terenie Kampusu Kliniki Uniwersytetu Medycznego we Wroc\u0142awiu, po\u0142o\u017conego wzd\u0142u\u017c ul. Tytusa Cha\u0142ubi\u0144skiego. Punkt startowy: przed budynkiem Kliniki Chirurgii Og\u00f3lnej,<\/p>\n<div><a class=\"btn-filled btn\" href=\"https:\/\/app.umw.edu.pl\/wycieczki\/quest\/\" title=\"Quest\">Czytaj wi\u0119cej<\/a><\/div>\n","protected":false},"author":1,"featured_media":0,"parent":0,"menu_order":0,"comment_status":"closed","ping_status":"closed","template":"","meta":{"footnotes":""},"class_list":["post-888","page","type-page","status-publish","hentry"],"_links":{"self":[{"href":"https:\/\/app.umw.edu.pl\/wycieczki\/wp-json\/wp\/v2\/pages\/888","targetHints":{"allow":["GET"]}}],"collection":[{"href":"https:\/\/app.umw.edu.pl\/wycieczki\/wp-json\/wp\/v2\/pages"}],"about":[{"href":"https:\/\/app.umw.edu.pl\/wycieczki\/wp-json\/wp\/v2\/types\/page"}],"author":[{"embeddable":true,"href":"https:\/\/app.umw.edu.pl\/wycieczki\/wp-json\/wp\/v2\/users\/1"}],"replies":[{"embeddable":true,"href":"https:\/\/app.umw.edu.pl\/wycieczki\/wp-json\/wp\/v2\/comments?post=888"}],"version-history":[{"count":10,"href":"https:\/\/app.umw.edu.pl\/wycieczki\/wp-json\/wp\/v2\/pages\/888\/revisions"}],"predecessor-version":[{"id":1015,"href":"https:\/\/app.umw.edu.pl\/wycieczki\/wp-json\/wp\/v2\/pages\/888\/revisions\/1015"}],"wp:attachment":[{"href":"https:\/\/app.umw.edu.pl\/wycieczki\/wp-json\/wp\/v2\/media?parent=888"}],"curies":[{"name":"wp","href":"https:\/\/api.w.org\/{rel}","templated":true}]}}